{"id":4248,"date":"2025-12-02T19:46:09","date_gmt":"2025-12-02T18:46:09","guid":{"rendered":"https:\/\/carpfishingendine.com\/?page_id=4248"},"modified":"2025-12-02T19:46:12","modified_gmt":"2025-12-02T18:46:12","slug":"grazie-recensione","status":"publish","type":"page","link":"https:\/\/carpfishingendine.com\/it\/grazie-recensione\/","title":{"rendered":"Grazie Recensione"},"content":{"rendered":"<style>.kb-row-layout-id4248_df47b4-e6 > .kt-row-column-wrap{align-content:start;}:where(.kb-row-layout-id4248_df47b4-e6 > .kt-row-column-wrap) > .wp-block-kadence-column{justify-content:start;}.kb-row-layout-id4248_df47b4-e6 > .kt-row-column-wrap{column-gap:var(--global-kb-gap-md, 2rem);row-gap:var(--global-kb-gap-md, 2rem);max-width:680px;margin-left:auto;margin-right:auto;padding-top:var(--global-kb-spacing-sm, 1.5rem);padding-bottom:var(--global-kb-spacing-sm, 1.5rem);grid-template-columns:minmax(0, 1fr);}.kb-row-layout-id4248_df47b4-e6 > .kt-row-layout-overlay{opacity:0.30;}@media all and (max-width: 1024px){.kb-row-layout-id4248_df47b4-e6 > .kt-row-column-wrap{grid-template-columns:minmax(0, 1fr);}}@media all and (max-width: 767px){.kb-row-layout-id4248_df47b4-e6 > .kt-row-column-wrap{grid-template-columns:minmax(0, 1fr);}}<\/style><div class=\"kb-row-layout-wrap kb-row-layout-id4248_df47b4-e6 alignnone wp-block-kadence-rowlayout\"><div class=\"kt-row-column-wrap kt-has-1-columns kt-row-layout-equal kt-tab-layout-inherit kt-mobile-layout-row kt-row-valign-top\">\n<style>.kadence-column4248_bd714c-8d > .kt-inside-inner-col,.kadence-column4248_bd714c-8d > .kt-inside-inner-col:before{border-top-left-radius:0px;border-top-right-radius:0px;border-bottom-right-radius:0px;border-bottom-left-radius:0px;}.kadence-column4248_bd714c-8d > .kt-inside-inner-col{column-gap:var(--global-kb-gap-sm, 1rem);}.kadence-column4248_bd714c-8d > .kt-inside-inner-col{flex-direction:column;}.kadence-column4248_bd714c-8d > .kt-inside-inner-col > .aligncenter{width:100%;}.kadence-column4248_bd714c-8d > .kt-inside-inner-col:before{opacity:0.3;}.kadence-column4248_bd714c-8d{position:relative;}@media all and (max-width: 1024px){.kadence-column4248_bd714c-8d > .kt-inside-inner-col{flex-direction:column;justify-content:center;}}@media all and (max-width: 767px){.kadence-column4248_bd714c-8d > .kt-inside-inner-col{flex-direction:column;justify-content:center;}}<\/style>\n<div class=\"wp-block-kadence-column kadence-column4248_bd714c-8d\"><div class=\"kt-inside-inner-col\"><style>.wp-block-kadence-advancedheading.kt-adv-heading4248_c1abde-b3, .wp-block-kadence-advancedheading.kt-adv-heading4248_c1abde-b3[data-kb-block=\"kb-adv-heading4248_c1abde-b3\"]{text-align:center;font-style:normal;}.wp-block-kadence-advancedheading.kt-adv-heading4248_c1abde-b3 mark.kt-highlight, .wp-block-kadence-advancedheading.kt-adv-heading4248_c1abde-b3[data-kb-block=\"kb-adv-heading4248_c1abde-b3\"] mark.kt-highlight{font-style:normal;color:#f76a0c;-webkit-box-decoration-break:clone;box-decoration-break:clone;padding-top:0px;padding-right:0px;padding-bottom:0px;padding-left:0px;}.wp-block-kadence-advancedheading.kt-adv-heading4248_c1abde-b3 img.kb-inline-image, .wp-block-kadence-advancedheading.kt-adv-heading4248_c1abde-b3[data-kb-block=\"kb-adv-heading4248_c1abde-b3\"] img.kb-inline-image{width:150px;vertical-align:baseline;}<\/style>\n<h3 class=\"kt-adv-heading4248_c1abde-b3 wp-block-kadence-advancedheading\" data-kb-block=\"kb-adv-heading4248_c1abde-b3\">Grazie per la tua recensione<\/h3>\n\n\n\n<p class=\"has-text-align-center\">Il sito web elaborer\u00e0 il tuo feeback nel pi\u00f9 pi\u00f9 breve tempo possibile.<\/p>\n<\/div><\/div>\n\n<\/div><\/div>","protected":false},"excerpt":{"rendered":"<p>Grazie per la tua recensione Il sito web elaborer\u00e0 il tuo feeback nel pi\u00f9 pi\u00f9 breve tempo possibile.<\/p>\n","protected":false},"author":1,"featured_media":0,"parent":0,"menu_order":0,"comment_status":"closed","ping_status":"closed","template":"","meta":{"_acf_changed":false,"_kad_blocks_custom_css":"","_kad_blocks_head_custom_js":"","_kad_blocks_body_custom_js":"","_kad_blocks_footer_custom_js":"","_kadence_starter_templates_imported_post":false,"_kad_post_transparent":"","_kad_post_title":"hide","_kad_post_layout":"","_kad_post_sidebar_id":"","_kad_post_content_style":"","_kad_post_vertical_padding":"","_kad_post_feature":"","_kad_post_feature_position":"","_kad_post_header":false,"_kad_post_footer":false,"_kad_post_classname":"","footnotes":""},"class_list":["post-4248","page","type-page","status-publish","hentry"],"acf":[],"taxonomy_info":[],"featured_image_src_large":false,"author_info":{"display_name":"admcfe","author_link":"https:\/\/carpfishingendine.com\/it\/author\/admcfe\/"},"comment_info":0,"_links":{"self":[{"href":"https:\/\/carpfishingendine.com\/it\/wp-json\/wp\/v2\/pages\/4248","targetHints":{"allow":["GET"]}}],"collection":[{"href":"https:\/\/carpfishingendine.com\/it\/wp-json\/wp\/v2\/pages"}],"about":[{"href":"https:\/\/carpfishingendine.com\/it\/wp-json\/wp\/v2\/types\/page"}],"author":[{"embeddable":true,"href":"https:\/\/carpfishingendine.com\/it\/wp-json\/wp\/v2\/users\/1"}],"replies":[{"embeddable":true,"href":"https:\/\/carpfishingendine.com\/it\/wp-json\/wp\/v2\/comments?post=4248"}],"version-history":[{"count":1,"href":"https:\/\/carpfishingendine.com\/it\/wp-json\/wp\/v2\/pages\/4248\/revisions"}],"predecessor-version":[{"id":4249,"href":"https:\/\/carpfishingendine.com\/it\/wp-json\/wp\/v2\/pages\/4248\/revisions\/4249"}],"wp:attachment":[{"href":"https:\/\/carpfishingendine.com\/it\/wp-json\/wp\/v2\/media?parent=4248"}],"curies":[{"name":"wp","href":"https:\/\/api.w.org\/{rel}","templated":true}]}}